{"id":492,"date":"2019-02-15T12:45:55","date_gmt":"2019-02-15T11:45:55","guid":{"rendered":"http:\/\/www.3oeilmontamise.com\/?page_id=492"},"modified":"2022-09-28T10:36:02","modified_gmt":"2022-09-28T08:36:02","slug":"repliques-de-films-celebres","status":"publish","type":"page","link":"https:\/\/www.3oeilmontamise.fr\/index.php\/repliques-de-films-celebres\/","title":{"rendered":"r\u00e9pliques de films c\u00e9l\u00e8bres"},"content":{"rendered":"\t\t<div data-elementor-type=\"wp-post\" data-elementor-id=\"492\" class=\"elementor elementor-492\">\n\t\t\t\t\t\t<section class=\"elementor-section elementor-top-section elementor-element elementor-element-7db640ff elementor-section-boxed elementor-section-height-default elementor-section-height-default\" data-id=\"7db640ff\" data-element_type=\"section\" data-e-type=\"section\">\n\t\t\t\t\t\t<div class=\"elementor-container elementor-column-gap-default\">\n\t\t\t\t\t<div class=\"elementor-column elementor-col-100 elementor-top-column elementor-element elementor-element-1e5a717\" data-id=\"1e5a717\" data-element_type=\"column\" data-e-type=\"column\">\n\t\t\t<div class=\"elementor-widget-wrap elementor-element-populated\">\n\t\t\t\t\t\t<div class=\"elementor-element elementor-element-ad61d06 elementor-widget elementor-widget-text-editor\" data-id=\"ad61d06\" data-element_type=\"widget\" data-e-type=\"widget\" data-widget_type=\"text-editor.default\">\n\t\t\t\t<div class=\"elementor-widget-container\">\n\t\t\t\t\t\t\t\t\t\n<!-- default-view.php -->\n<div\n\tclass=\"ngg-galleryoverview default-view\n\t\t\"\n\tid=\"ngg-gallery-3b22b12220ac0258ca3e94da03c8df82-1\"\n\tdata-nextgen-gallery-id=\"5\"\n\tdata-gallery-id=\"5\"\n\t\tdata-gallery-name=\"R\u00e9pliques de film c\u00e9l\u00e8bre\"\n\t>\n\n\t\t<!-- Thumbnails -->\n\t\t\t\t<div id=\"ngg-image-0\" class=\"ngg-gallery-thumbnail-box\n\t\t\t\t\t\t\t\t\t\t\t\"\n\t\t\t>\n\t\t\t\t\t\t<div class=\"ngg-gallery-thumbnail\">\n\t\t<a href=\"https:\/\/www.3oeilmontamise.fr\/wp-content\/gallery\/repliques-de-film-celebre\/R%C3%A9pliques.jpg?t=1551891783\"\n\t\t\ttitle=\"\"\n\t\t\tdata-src=\"https:\/\/www.3oeilmontamise.fr\/wp-content\/gallery\/repliques-de-film-celebre\/R%C3%A9pliques.jpg?t=1551891783\"\n\t\t\tdata-thumbnail=\"https:\/\/www.3oeilmontamise.fr\/wp-content\/gallery\/repliques-de-film-celebre\/thumbs\/thumbs_R%C3%A9pliques.jpg?t=1551891783\"\n\t\t\tdata-image-id=\"35\"\n\t\t\tdata-image-name=\"R\u00e9pliques.jpg\"\n\t\t\tdata-title=\"R\u00e9pliques de film c\u00e9l\u00e8bres\"\n\t\t\tdata-description=\"\"\n\t\t\tdata-image-slug=\"r%c3%a9pliques\"\n\t\t\t\t\t\t\t\t\t\t\t\t\t\t\t\t\t\t\t\tclass=\"ngg-simplelightbox\" rel=\"3b22b12220ac0258ca3e94da03c8df82\">\n\t\t\t\t\t\t\t\t<img\n\t\t\t\t\ttitle=\"R\u00e9pliques de film c\u00e9l\u00e8bres\"\n\t\t\t\t\talt=\"R\u00e9pliques de film c\u00e9l\u00e8bres\"\n\t\t\t\t\tsrc=\"https:\/\/www.3oeilmontamise.fr\/wp-content\/gallery\/repliques-de-film-celebre\/thumbs\/thumbs_R%C3%A9pliques.jpg?t=1551891783\"\n\t\t\t\t\twidth=\"240\"\n\t\t\t\t\theight=\"160\"\n\t\t\t\t\tstyle=\"max-width:100%;\"\n\t\t\t\t\/>\n\t\t\t<\/a>\n\t\t<\/div>\n\t\t\t\t\t\t\t<\/div>\n\t\t\t\n\t\t\t\t<div id=\"ngg-image-1\" class=\"ngg-gallery-thumbnail-box\n\t\t\t\t\t\t\t\t\t\t\t\"\n\t\t\t>\n\t\t\t\t\t\t<div class=\"ngg-gallery-thumbnail\">\n\t\t<a href=\"https:\/\/www.3oeilmontamise.fr\/wp-content\/gallery\/repliques-de-film-celebre\/R%C3%A9pliques-2.jpg?t=1551891783\"\n\t\t\ttitle=\"\"\n\t\t\tdata-src=\"https:\/\/www.3oeilmontamise.fr\/wp-content\/gallery\/repliques-de-film-celebre\/R%C3%A9pliques-2.jpg?t=1551891783\"\n\t\t\tdata-thumbnail=\"https:\/\/www.3oeilmontamise.fr\/wp-content\/gallery\/repliques-de-film-celebre\/thumbs\/thumbs_R%C3%A9pliques-2.jpg?t=1551891783\"\n\t\t\tdata-image-id=\"36\"\n\t\t\tdata-image-name=\"R\u00e9pliques-2.jpg\"\n\t\t\tdata-title=\"R\u00e9pliques de film c\u00e9l\u00e8bres\"\n\t\t\tdata-description=\"\"\n\t\t\tdata-image-slug=\"r%c3%a9pliques-2\"\n\t\t\t\t\t\t\t\t\t\t\t\t\t\t\t\t\t\t\t\tclass=\"ngg-simplelightbox\" rel=\"3b22b12220ac0258ca3e94da03c8df82\">\n\t\t\t\t\t\t\t\t<img\n\t\t\t\t\ttitle=\"R\u00e9pliques de film c\u00e9l\u00e8bres\"\n\t\t\t\t\talt=\"R\u00e9pliques de film c\u00e9l\u00e8bres\"\n\t\t\t\t\tsrc=\"https:\/\/www.3oeilmontamise.fr\/wp-content\/gallery\/repliques-de-film-celebre\/thumbs\/thumbs_R%C3%A9pliques-2.jpg?t=1551891783\"\n\t\t\t\t\twidth=\"240\"\n\t\t\t\t\theight=\"160\"\n\t\t\t\t\tstyle=\"max-width:100%;\"\n\t\t\t\t\/>\n\t\t\t<\/a>\n\t\t<\/div>\n\t\t\t\t\t\t\t<\/div>\n\t\t\t\n\t\t\t\t<div id=\"ngg-image-2\" class=\"ngg-gallery-thumbnail-box\n\t\t\t\t\t\t\t\t\t\t\t\"\n\t\t\t>\n\t\t\t\t\t\t<div class=\"ngg-gallery-thumbnail\">\n\t\t<a href=\"https:\/\/www.3oeilmontamise.fr\/wp-content\/gallery\/repliques-de-film-celebre\/R%C3%A9pliques-3.jpg?t=1551891783\"\n\t\t\ttitle=\"\"\n\t\t\tdata-src=\"https:\/\/www.3oeilmontamise.fr\/wp-content\/gallery\/repliques-de-film-celebre\/R%C3%A9pliques-3.jpg?t=1551891783\"\n\t\t\tdata-thumbnail=\"https:\/\/www.3oeilmontamise.fr\/wp-content\/gallery\/repliques-de-film-celebre\/thumbs\/thumbs_R%C3%A9pliques-3.jpg?t=1551891783\"\n\t\t\tdata-image-id=\"37\"\n\t\t\tdata-image-name=\"R\u00e9pliques-3.jpg\"\n\t\t\tdata-title=\"R\u00e9pliques de film c\u00e9l\u00e8bres\"\n\t\t\tdata-description=\"\"\n\t\t\tdata-image-slug=\"r%c3%a9pliques-3\"\n\t\t\t\t\t\t\t\t\t\t\t\t\t\t\t\t\t\t\t\tclass=\"ngg-simplelightbox\" rel=\"3b22b12220ac0258ca3e94da03c8df82\">\n\t\t\t\t\t\t\t\t<img\n\t\t\t\t\ttitle=\"R\u00e9pliques de film c\u00e9l\u00e8bres\"\n\t\t\t\t\talt=\"R\u00e9pliques de film c\u00e9l\u00e8bres\"\n\t\t\t\t\tsrc=\"https:\/\/www.3oeilmontamise.fr\/wp-content\/gallery\/repliques-de-film-celebre\/thumbs\/thumbs_R%C3%A9pliques-3.jpg?t=1551891783\"\n\t\t\t\t\twidth=\"240\"\n\t\t\t\t\theight=\"160\"\n\t\t\t\t\tstyle=\"max-width:100%;\"\n\t\t\t\t\/>\n\t\t\t<\/a>\n\t\t<\/div>\n\t\t\t\t\t\t\t<\/div>\n\t\t\t\n\t\t\t\t<div id=\"ngg-image-3\" class=\"ngg-gallery-thumbnail-box\n\t\t\t\t\t\t\t\t\t\t\t\"\n\t\t\t>\n\t\t\t\t\t\t<div class=\"ngg-gallery-thumbnail\">\n\t\t<a href=\"https:\/\/www.3oeilmontamise.fr\/wp-content\/gallery\/repliques-de-film-celebre\/R%C3%A9pliques-4.jpg?t=1551891783\"\n\t\t\ttitle=\"\"\n\t\t\tdata-src=\"https:\/\/www.3oeilmontamise.fr\/wp-content\/gallery\/repliques-de-film-celebre\/R%C3%A9pliques-4.jpg?t=1551891783\"\n\t\t\tdata-thumbnail=\"https:\/\/www.3oeilmontamise.fr\/wp-content\/gallery\/repliques-de-film-celebre\/thumbs\/thumbs_R%C3%A9pliques-4.jpg?t=1551891783\"\n\t\t\tdata-image-id=\"38\"\n\t\t\tdata-image-name=\"R\u00e9pliques-4.jpg\"\n\t\t\tdata-title=\"R\u00e9pliques de film c\u00e9l\u00e8bres\"\n\t\t\tdata-description=\"\"\n\t\t\tdata-image-slug=\"r%c3%a9pliques-4\"\n\t\t\t\t\t\t\t\t\t\t\t\t\t\t\t\t\t\t\t\tclass=\"ngg-simplelightbox\" rel=\"3b22b12220ac0258ca3e94da03c8df82\">\n\t\t\t\t\t\t\t\t<img\n\t\t\t\t\ttitle=\"R\u00e9pliques de film c\u00e9l\u00e8bres\"\n\t\t\t\t\talt=\"R\u00e9pliques de film c\u00e9l\u00e8bres\"\n\t\t\t\t\tsrc=\"https:\/\/www.3oeilmontamise.fr\/wp-content\/gallery\/repliques-de-film-celebre\/thumbs\/thumbs_R%C3%A9pliques-4.jpg?t=1551891783\"\n\t\t\t\t\twidth=\"240\"\n\t\t\t\t\theight=\"160\"\n\t\t\t\t\tstyle=\"max-width:100%;\"\n\t\t\t\t\/>\n\t\t\t<\/a>\n\t\t<\/div>\n\t\t\t\t\t\t\t<\/div>\n\t\t\t\n\t\t\t\t<div id=\"ngg-image-4\" class=\"ngg-gallery-thumbnail-box\n\t\t\t\t\t\t\t\t\t\t\t\"\n\t\t\t>\n\t\t\t\t\t\t<div class=\"ngg-gallery-thumbnail\">\n\t\t<a href=\"https:\/\/www.3oeilmontamise.fr\/wp-content\/gallery\/repliques-de-film-celebre\/R%C3%A9pliques-5.jpg?t=1551891783\"\n\t\t\ttitle=\"\"\n\t\t\tdata-src=\"https:\/\/www.3oeilmontamise.fr\/wp-content\/gallery\/repliques-de-film-celebre\/R%C3%A9pliques-5.jpg?t=1551891783\"\n\t\t\tdata-thumbnail=\"https:\/\/www.3oeilmontamise.fr\/wp-content\/gallery\/repliques-de-film-celebre\/thumbs\/thumbs_R%C3%A9pliques-5.jpg?t=1551891783\"\n\t\t\tdata-image-id=\"39\"\n\t\t\tdata-image-name=\"R\u00e9pliques-5.jpg\"\n\t\t\tdata-title=\"R\u00e9pliques de film c\u00e9l\u00e8bres\"\n\t\t\tdata-description=\"\"\n\t\t\tdata-image-slug=\"r%c3%a9pliques-5\"\n\t\t\t\t\t\t\t\t\t\t\t\t\t\t\t\t\t\t\t\tclass=\"ngg-simplelightbox\" rel=\"3b22b12220ac0258ca3e94da03c8df82\">\n\t\t\t\t\t\t\t\t<img\n\t\t\t\t\ttitle=\"R\u00e9pliques de film c\u00e9l\u00e8bres\"\n\t\t\t\t\talt=\"R\u00e9pliques de film c\u00e9l\u00e8bres\"\n\t\t\t\t\tsrc=\"https:\/\/www.3oeilmontamise.fr\/wp-content\/gallery\/repliques-de-film-celebre\/thumbs\/thumbs_R%C3%A9pliques-5.jpg?t=1551891783\"\n\t\t\t\t\twidth=\"240\"\n\t\t\t\t\theight=\"160\"\n\t\t\t\t\tstyle=\"max-width:100%;\"\n\t\t\t\t\/>\n\t\t\t<\/a>\n\t\t<\/div>\n\t\t\t\t\t\t\t<\/div>\n\t\t\t\n\t\t\t\t<div id=\"ngg-image-5\" class=\"ngg-gallery-thumbnail-box\n\t\t\t\t\t\t\t\t\t\t\t\"\n\t\t\t>\n\t\t\t\t\t\t<div class=\"ngg-gallery-thumbnail\">\n\t\t<a href=\"https:\/\/www.3oeilmontamise.fr\/wp-content\/gallery\/repliques-de-film-celebre\/R%C3%A9pliques-6.jpg?t=1551891783\"\n\t\t\ttitle=\"\"\n\t\t\tdata-src=\"https:\/\/www.3oeilmontamise.fr\/wp-content\/gallery\/repliques-de-film-celebre\/R%C3%A9pliques-6.jpg?t=1551891783\"\n\t\t\tdata-thumbnail=\"https:\/\/www.3oeilmontamise.fr\/wp-content\/gallery\/repliques-de-film-celebre\/thumbs\/thumbs_R%C3%A9pliques-6.jpg?t=1551891783\"\n\t\t\tdata-image-id=\"40\"\n\t\t\tdata-image-name=\"R\u00e9pliques-6.jpg\"\n\t\t\tdata-title=\"R\u00e9pliques de film c\u00e9l\u00e8bres\"\n\t\t\tdata-description=\"\"\n\t\t\tdata-image-slug=\"r%c3%a9pliques-6\"\n\t\t\t\t\t\t\t\t\t\t\t\t\t\t\t\t\t\t\t\tclass=\"ngg-simplelightbox\" rel=\"3b22b12220ac0258ca3e94da03c8df82\">\n\t\t\t\t\t\t\t\t<img\n\t\t\t\t\ttitle=\"R\u00e9pliques de film c\u00e9l\u00e8bres\"\n\t\t\t\t\talt=\"R\u00e9pliques de film c\u00e9l\u00e8bres\"\n\t\t\t\t\tsrc=\"https:\/\/www.3oeilmontamise.fr\/wp-content\/gallery\/repliques-de-film-celebre\/thumbs\/thumbs_R%C3%A9pliques-6.jpg?t=1551891783\"\n\t\t\t\t\twidth=\"240\"\n\t\t\t\t\theight=\"160\"\n\t\t\t\t\tstyle=\"max-width:100%;\"\n\t\t\t\t\/>\n\t\t\t<\/a>\n\t\t<\/div>\n\t\t\t\t\t\t\t<\/div>\n\t\t\t\n\t\t\t\t<div id=\"ngg-image-6\" class=\"ngg-gallery-thumbnail-box\n\t\t\t\t\t\t\t\t\t\t\t\"\n\t\t\t>\n\t\t\t\t\t\t<div class=\"ngg-gallery-thumbnail\">\n\t\t<a href=\"https:\/\/www.3oeilmontamise.fr\/wp-content\/gallery\/repliques-de-film-celebre\/R%C3%A9pliques-7.jpg?t=1551891783\"\n\t\t\ttitle=\"\"\n\t\t\tdata-src=\"https:\/\/www.3oeilmontamise.fr\/wp-content\/gallery\/repliques-de-film-celebre\/R%C3%A9pliques-7.jpg?t=1551891783\"\n\t\t\tdata-thumbnail=\"https:\/\/www.3oeilmontamise.fr\/wp-content\/gallery\/repliques-de-film-celebre\/thumbs\/thumbs_R%C3%A9pliques-7.jpg?t=1551891783\"\n\t\t\tdata-image-id=\"41\"\n\t\t\tdata-image-name=\"R\u00e9pliques-7.jpg\"\n\t\t\tdata-title=\"R\u00e9pliques de film c\u00e9l\u00e8bres\"\n\t\t\tdata-description=\"\"\n\t\t\tdata-image-slug=\"r%c3%a9pliques-7\"\n\t\t\t\t\t\t\t\t\t\t\t\t\t\t\t\t\t\t\t\tclass=\"ngg-simplelightbox\" rel=\"3b22b12220ac0258ca3e94da03c8df82\">\n\t\t\t\t\t\t\t\t<img\n\t\t\t\t\ttitle=\"R\u00e9pliques de film c\u00e9l\u00e8bres\"\n\t\t\t\t\talt=\"R\u00e9pliques de film c\u00e9l\u00e8bres\"\n\t\t\t\t\tsrc=\"https:\/\/www.3oeilmontamise.fr\/wp-content\/gallery\/repliques-de-film-celebre\/thumbs\/thumbs_R%C3%A9pliques-7.jpg?t=1551891783\"\n\t\t\t\t\twidth=\"240\"\n\t\t\t\t\theight=\"160\"\n\t\t\t\t\tstyle=\"max-width:100%;\"\n\t\t\t\t\/>\n\t\t\t<\/a>\n\t\t<\/div>\n\t\t\t\t\t\t\t<\/div>\n\t\t\t\n\t\n\t<br style=\"clear: both\" \/>\n\n\t\n\t\t<!-- Pagination -->\n\t\t<div class='ngg-clear'><\/div>\t<\/div>\n\n\t\t\t\t\t\t\t\t<\/div>\n\t\t\t\t<\/div>\n\t\t\t\t\t<\/div>\n\t\t<\/div>\n\t\t\t\t\t<\/div>\n\t\t<\/section>\n\t\t\t\t<section class=\"elementor-section elementor-top-section elementor-element elementor-element-496b2c7 elementor-section-boxed elementor-section-height-default elementor-section-height-default\" data-id=\"496b2c7\" data-element_type=\"section\" data-e-type=\"section\">\n\t\t\t\t\t\t<div class=\"elementor-container elementor-column-gap-default\">\n\t\t\t\t\t<div class=\"elementor-column elementor-col-100 elementor-top-column elementor-element elementor-element-c453191\" data-id=\"c453191\" data-element_type=\"column\" data-e-type=\"column\">\n\t\t\t<div class=\"elementor-widget-wrap elementor-element-populated\">\n\t\t\t\t\t\t<div class=\"elementor-element elementor-element-3da03ed elementor-widget elementor-widget-button\" data-id=\"3da03ed\" data-element_type=\"widget\" data-e-type=\"widget\" data-widget_type=\"button.default\">\n\t\t\t\t<div class=\"elementor-widget-container\">\n\t\t\t\t\t\t\t\t\t<div class=\"elementor-button-wrapper\">\n\t\t\t\t\t<a class=\"elementor-button elementor-button-link elementor-size-sm\" href=\"http:\/\/www.3oeilmontamise.fr\/index.php\/expositions\/\">\n\t\t\t\t\t\t<span class=\"elementor-button-content-wrapper\">\n\t\t\t\t\t\t\t\t\t<span class=\"elementor-button-text\">Retour<\/span>\n\t\t\t\t\t<\/span>\n\t\t\t\t\t<\/a>\n\t\t\t\t<\/div>\n\t\t\t\t\t\t\t\t<\/div>\n\t\t\t\t<\/div>\n\t\t\t\t\t<\/div>\n\t\t<\/div>\n\t\t\t\t\t<\/div>\n\t\t<\/section>\n\t\t\t\t<\/div>\n\t\t","protected":false},"excerpt":{"rendered":"<p>Retour<\/p>\n","protected":false},"author":1,"featured_media":0,"parent":0,"menu_order":0,"comment_status":"closed","ping_status":"closed","template":"","meta":{"ngg_post_thumbnail":0,"footnotes":""},"class_list":["post-492","page","type-page","status-publish","hentry"],"_links":{"self":[{"href":"https:\/\/www.3oeilmontamise.fr\/index.php\/wp-json\/wp\/v2\/pages\/492","targetHints":{"allow":["GET"]}}],"collection":[{"href":"https:\/\/www.3oeilmontamise.fr\/index.php\/wp-json\/wp\/v2\/pages"}],"about":[{"href":"https:\/\/www.3oeilmontamise.fr\/index.php\/wp-json\/wp\/v2\/types\/page"}],"author":[{"embeddable":true,"href":"https:\/\/www.3oeilmontamise.fr\/index.php\/wp-json\/wp\/v2\/users\/1"}],"replies":[{"embeddable":true,"href":"https:\/\/www.3oeilmontamise.fr\/index.php\/wp-json\/wp\/v2\/comments?post=492"}],"version-history":[{"count":0,"href":"https:\/\/www.3oeilmontamise.fr\/index.php\/wp-json\/wp\/v2\/pages\/492\/revisions"}],"wp:attachment":[{"href":"https:\/\/www.3oeilmontamise.fr\/index.php\/wp-json\/wp\/v2\/media?parent=492"}],"curies":[{"name":"wp","href":"https:\/\/api.w.org\/{rel}","templated":true}]}}