{"id":3043,"date":"2020-10-20T10:07:36","date_gmt":"2020-10-20T08:07:36","guid":{"rendered":"https:\/\/www.3oeilmontamise.fr\/?page_id=3043"},"modified":"2025-09-29T10:06:28","modified_gmt":"2025-09-29T08:06:28","slug":"archives","status":"publish","type":"page","link":"https:\/\/www.3oeilmontamise.fr\/index.php\/archives\/","title":{"rendered":"Archives"},"content":{"rendered":"\t\t<div data-elementor-type=\"wp-page\" data-elementor-id=\"3043\" class=\"elementor elementor-3043\">\n\t\t\t\t\t\t<section class=\"elementor-section elementor-top-section elementor-element elementor-element-a7b28d7 elementor-section-boxed elementor-section-height-default elementor-section-height-default\" data-id=\"a7b28d7\" data-element_type=\"section\" data-e-type=\"section\">\n\t\t\t\t\t\t<div class=\"elementor-container elementor-column-gap-default\">\n\t\t\t\t\t<div class=\"elementor-column elementor-col-100 elementor-top-column elementor-element elementor-element-f62082d\" data-id=\"f62082d\" data-element_type=\"column\" data-e-type=\"column\">\n\t\t\t<div class=\"elementor-widget-wrap elementor-element-populated\">\n\t\t\t\t\t\t<div class=\"elementor-element elementor-element-0d2c3e5 elementor-widget elementor-widget-heading\" data-id=\"0d2c3e5\" data-element_type=\"widget\" data-e-type=\"widget\" data-widget_type=\"heading.default\">\n\t\t\t\t<div class=\"elementor-widget-container\">\n\t\t\t\t\t<h2 class=\"elementor-heading-title elementor-size-default\">2024-2025<\/h2>\t\t\t\t<\/div>\n\t\t\t\t<\/div>\n\t\t\t\t\t<\/div>\n\t\t<\/div>\n\t\t\t\t\t<\/div>\n\t\t<\/section>\n\t\t\t\t<section class=\"elementor-section elementor-top-section elementor-element elementor-element-1950181 elementor-section-boxed elementor-section-height-default elementor-section-height-default\" data-id=\"1950181\" data-element_type=\"section\" data-e-type=\"section\">\n\t\t\t\t\t\t<div class=\"elementor-container elementor-column-gap-default\">\n\t\t\t\t\t<div class=\"elementor-column elementor-col-100 elementor-top-column elementor-element elementor-element-f83a46b\" data-id=\"f83a46b\" data-element_type=\"column\" data-e-type=\"column\">\n\t\t\t<div class=\"elementor-widget-wrap elementor-element-populated\">\n\t\t\t\t\t\t<div class=\"elementor-element elementor-element-594e9b2 elementor-widget elementor-widget-text-editor\" data-id=\"594e9b2\" data-element_type=\"widget\" data-e-type=\"widget\" data-widget_type=\"text-editor.default\">\n\t\t\t\t<div class=\"elementor-widget-container\">\n\t\t\t\t\t\t\t\t\t<p><a href=\"https:\/\/www.3oeilmontamise.fr\/wp-content\/uploads\/2025\/06\/2025-REUNION-MENSUELLE-DU-06-JUIN.docx.pdf\">R\u00e9union mensuelle du 6 juin 2025<\/a><\/p><p><a href=\"https:\/\/www.3oeilmontamise.fr\/wp-content\/uploads\/2025\/06\/2025-REUNION-MENSUELLE-DU-13-MAI.pdf\">R\u00e9union mensuelle du 13 mai 2025<\/a><\/p><p><a href=\"https:\/\/www.3oeilmontamise.fr\/wp-content\/uploads\/2025\/03\/2025-REUNION-MENSUELLE-DU-07-MARS.pdf\">R\u00e9union mensuelle du 7 mars 2025<\/a><\/p><p><a href=\"https:\/\/www.3oeilmontamise.fr\/wp-content\/uploads\/2025\/03\/2025-REUNION-MENSUELLE-DU-07-FEVRIER.pdf\">R\u00e9union mensuelle du 7 f\u00e9vrier 2025<\/a><\/p><p><a href=\"https:\/\/www.3oeilmontamise.fr\/wp-content\/uploads\/2025\/01\/2025-REUNION-MENSUELLE-DU-10-JANVIER.pdf\">R\u00e9union mensuelle du 10 janvier 2025<\/a><\/p><p><a href=\"https:\/\/www.3oeilmontamise.fr\/wp-content\/uploads\/2024\/12\/2024-REUNION-MENSUELLE-DU-6-DECEMBRE.pdf\">R\u00e9union mensuelle du 6 d\u00e9cembre 2024<\/a><\/p><p><a href=\"https:\/\/www.3oeilmontamise.fr\/wp-content\/uploads\/2024\/12\/2024-REUNION-MENSUELLE-DU-8-NOVEMBRE.pdf\">R\u00e9union mensuelle du 8 novembre 2024<\/a><\/p><p><a href=\"https:\/\/www.3oeilmontamise.fr\/wp-content\/uploads\/2024\/10\/2024-REUNION-MENSUELLE-DU-4-OCTOBRE.pdf\">R\u00e9union mensuelle du 4 octobre 2024<\/a><\/p><p><a href=\"https:\/\/www.3oeilmontamise.fr\/wp-content\/uploads\/2024\/09\/2024-REUNION-MENSUELLE-DU-20-SEPTEMBRE.pdf\">R\u00e9union mensuelle du 20 septembre 2024<\/a><\/p><p><a href=\"https:\/\/www.3oeilmontamise.fr\/wp-content\/uploads\/2024\/09\/2024-ASSEMBLEE-GENERALE-DU-20-SEPTEMBRE.pdf\">Assembl\u00e9e G\u00e9n\u00e9rale du20 septembre 2024<\/a><\/p><p><a href=\"https:\/\/www.3oeilmontamise.fr\/wp-content\/uploads\/2024\/09\/Resultat-financier-2023-2024.pdf\">R\u00e9sultat financier 2023-2024<\/a><\/p>\t\t\t\t\t\t\t\t<\/div>\n\t\t\t\t<\/div>\n\t\t\t\t\t<\/div>\n\t\t<\/div>\n\t\t\t\t\t<\/div>\n\t\t<\/section>\n\t\t\t\t<section class=\"elementor-section elementor-top-section elementor-element elementor-element-5ba4d23 elementor-section-boxed elementor-section-height-default elementor-section-height-default\" data-id=\"5ba4d23\" data-element_type=\"section\" data-e-type=\"section\">\n\t\t\t\t\t\t<div class=\"elementor-container elementor-column-gap-default\">\n\t\t\t\t\t<div class=\"elementor-column elementor-col-100 elementor-top-column elementor-element elementor-element-4a6b68d\" data-id=\"4a6b68d\" data-element_type=\"column\" data-e-type=\"column\">\n\t\t\t<div class=\"elementor-widget-wrap elementor-element-populated\">\n\t\t\t\t\t\t<div class=\"elementor-element elementor-element-b09bbf1 elementor-widget elementor-widget-heading\" data-id=\"b09bbf1\" data-element_type=\"widget\" data-e-type=\"widget\" data-widget_type=\"heading.default\">\n\t\t\t\t<div class=\"elementor-widget-container\">\n\t\t\t\t\t<h2 class=\"elementor-heading-title elementor-size-default\">2023-2024<\/h2>\t\t\t\t<\/div>\n\t\t\t\t<\/div>\n\t\t\t\t\t<\/div>\n\t\t<\/div>\n\t\t\t\t\t<\/div>\n\t\t<\/section>\n\t\t\t\t<section class=\"elementor-section elementor-top-section elementor-element elementor-element-32b8575 elementor-section-boxed elementor-section-height-default elementor-section-height-default\" data-id=\"32b8575\" data-element_type=\"section\" data-e-type=\"section\">\n\t\t\t\t\t\t<div class=\"elementor-container elementor-column-gap-default\">\n\t\t\t\t\t<div class=\"elementor-column elementor-col-100 elementor-top-column elementor-element elementor-element-efcb6d6\" data-id=\"efcb6d6\" data-element_type=\"column\" data-e-type=\"column\">\n\t\t\t<div class=\"elementor-widget-wrap elementor-element-populated\">\n\t\t\t\t\t\t<div class=\"elementor-element elementor-element-49f8eea elementor-widget elementor-widget-text-editor\" data-id=\"49f8eea\" data-element_type=\"widget\" data-e-type=\"widget\" data-widget_type=\"text-editor.default\">\n\t\t\t\t<div class=\"elementor-widget-container\">\n\t\t\t\t\t\t\t\t\t<p><a href=\"https:\/\/www.3oeilmontamise.fr\/wp-content\/uploads\/2023\/10\/Liste-des-adherents-3eme-oeil-2023-2024.pdf\">Liste des adh\u00e9rents 3\u00e8me oeil 2023-2024<\/a><\/p><p><a href=\"https:\/\/www.3oeilmontamise.fr\/wp-content\/uploads\/2024\/06\/2024-REUNION-MENSUELLE-DU-07-JUIN.pdf\">R\u00e9union mensuelle du 7 juin 2024<\/a><\/p><p><a href=\"https:\/\/www.3oeilmontamise.fr\/wp-content\/uploads\/2024\/06\/2024-REUNION-MENSUELLE-DU-03-MAI.pdf\">R\u00e9union mensuelle du 3 mai 2024<\/a><\/p><p><a href=\"https:\/\/www.3oeilmontamise.fr\/wp-content\/uploads\/2024\/05\/2024-REUNION-MENSUELLE-DU-29-MARS.pdf\">R\u00e9union mensuelle du 29 mars 2024<\/a><\/p><p><a href=\"https:\/\/www.3oeilmontamise.fr\/wp-content\/uploads\/2024\/05\/2024-REUNION-MENSUELLE-DU-01-MARS.pdf\">R\u00e9union mensuelle du 1er mars 2024<\/a><\/p><p><a href=\"https:\/\/www.3oeilmontamise.fr\/wp-content\/uploads\/2024\/01\/2023-REUNION-MENSUELLE-DU12-JANVIER.pdf\">R\u00e9union mensuelle du 12 janvier 2024<\/a><\/p><p><a href=\"https:\/\/www.3oeilmontamise.fr\/wp-content\/uploads\/2023\/12\/2023-REUNION-MENSUELLE-DU-1er-DECEMBRE.pdf\">R\u00e9union mensuelle du 1er d\u00e9cembre 2023<\/a><\/p><p><a href=\"https:\/\/www.3oeilmontamise.fr\/wp-content\/uploads\/2023\/11\/2023-REUNION-MENSUELLE-DU-10-NOVEMBRE.pdf\">R\u00e9union mensuelle du 10 novembre 2023<\/a><\/p><p><a href=\"https:\/\/www.3oeilmontamise.fr\/wp-content\/uploads\/2023\/10\/REUNION-MENSUELLE-DU-05-OCTOBRE.pdf\">R\u00e9union mensuelle du 5 octobre 2023<\/a><\/p><p><a href=\"https:\/\/www.3oeilmontamise.fr\/wp-content\/uploads\/2023\/10\/2023-Assemblee-Generale-du-25-SEPTEMBRE.pdf\">Assembl\u00e9e G\u00e9n\u00e9rale du 25 septembre 2023<\/a><\/p>\t\t\t\t\t\t\t\t<\/div>\n\t\t\t\t<\/div>\n\t\t\t\t\t<\/div>\n\t\t<\/div>\n\t\t\t\t\t<\/div>\n\t\t<\/section>\n\t\t\t\t<section class=\"elementor-section elementor-top-section elementor-element elementor-element-0112c66 elementor-section-boxed elementor-section-height-default elementor-section-height-default\" data-id=\"0112c66\" data-element_type=\"section\" data-e-type=\"section\">\n\t\t\t\t\t\t<div class=\"elementor-container elementor-column-gap-default\">\n\t\t\t\t\t<div class=\"elementor-column elementor-col-100 elementor-top-column elementor-element elementor-element-b0d8e96\" data-id=\"b0d8e96\" data-element_type=\"column\" data-e-type=\"column\">\n\t\t\t<div class=\"elementor-widget-wrap elementor-element-populated\">\n\t\t\t\t\t\t<div class=\"elementor-element elementor-element-7fbeece elementor-widget elementor-widget-heading\" data-id=\"7fbeece\" data-element_type=\"widget\" data-e-type=\"widget\" data-widget_type=\"heading.default\">\n\t\t\t\t<div class=\"elementor-widget-container\">\n\t\t\t\t\t<h2 class=\"elementor-heading-title elementor-size-default\">2022-2023<\/h2>\t\t\t\t<\/div>\n\t\t\t\t<\/div>\n\t\t\t\t\t<\/div>\n\t\t<\/div>\n\t\t\t\t\t<\/div>\n\t\t<\/section>\n\t\t\t\t<section class=\"elementor-section elementor-top-section elementor-element elementor-element-e8fa52d elementor-section-boxed elementor-section-height-default elementor-section-height-default\" data-id=\"e8fa52d\" data-element_type=\"section\" data-e-type=\"section\">\n\t\t\t\t\t\t<div class=\"elementor-container elementor-column-gap-default\">\n\t\t\t\t\t<div class=\"elementor-column elementor-col-100 elementor-top-column elementor-element elementor-element-e542e5a\" data-id=\"e542e5a\" data-element_type=\"column\" data-e-type=\"column\">\n\t\t\t<div class=\"elementor-widget-wrap elementor-element-populated\">\n\t\t\t\t\t\t<div class=\"elementor-element elementor-element-1ec90eb elementor-widget elementor-widget-text-editor\" data-id=\"1ec90eb\" data-element_type=\"widget\" data-e-type=\"widget\" data-widget_type=\"text-editor.default\">\n\t\t\t\t<div class=\"elementor-widget-container\">\n\t\t\t\t\t\t\t\t\t<p><a href=\"https:\/\/www.3oeilmontamise.fr\/wp-content\/uploads\/2022\/09\/Compte-de-resultat-2022.pdf\">Compte de r\u00e9sultat 2021-2022<\/a><\/p><p><a href=\"https:\/\/www.3oeilmontamise.fr\/wp-content\/uploads\/2022\/09\/Liste-des-adherents-3eme-oeil-2022-2023.pdf\">Liste des adh\u00e9rents 2022-2023<\/a><\/p><p><a href=\"https:\/\/www.3oeilmontamise.fr\/wp-content\/uploads\/2023\/10\/2023-Assemblee-Generale-du-25-SEPTEMBRE.pdf\">Assembl\u00e9e G\u00e9n\u00e9rale du 13 septembre 2022<\/a><\/p><p><a href=\"https:\/\/www.3oeilmontamise.fr\/wp-content\/uploads\/2022\/10\/REUNION-MENSUELLE-DU-VENDREDI-7-octobre-2022.pdf\">R\u00e9union mensuelle octobre 2022<\/a><\/p><p><a href=\"https:\/\/www.3oeilmontamise.fr\/wp-content\/uploads\/2022\/12\/2022-REUNION-MENSUELLE-DU-04-NOVEMBRE.pdf\">R\u00e9union mensuelle novembre 2022<\/a><\/p><p><a href=\"https:\/\/www.3oeilmontamise.fr\/wp-content\/uploads\/2022\/12\/2022-REUNION-MENSUELLE-DU-02-DECEMBRE.pdf\">R\u00e9union mensuelle d\u00e9cembre 2022<\/a><\/p><p><a href=\"https:\/\/www.3oeilmontamise.fr\/wp-content\/uploads\/2023\/01\/2023_01-REUNION-MENSUELLE-DU-06-JANVIER.pdf\">R\u00e9union mensuelle janvier 2023<\/a><\/p><p><a href=\"https:\/\/www.3oeilmontamise.fr\/wp-content\/uploads\/2023\/03\/2023-REUNION-MENSUELLE-DU-03-FEVRIER.pdf\">R\u00e9union mensuelle f\u00e9vrier 2023<\/a><\/p><p><a href=\"https:\/\/www.3oeilmontamise.fr\/wp-content\/uploads\/2023\/03\/2023-REUNION-MENSUELLE-DU-03-MARS.pdf\">R\u00e9union mensuelle mars 2023<\/a><\/p><p><a href=\"https:\/\/www.3oeilmontamise.fr\/wp-content\/uploads\/2023\/04\/2023-REUNION-MENSUELLE-DU-27-MARS.pdf\">R\u00e9union du 24 mars 2023 (pr\u00e9paration des journ\u00e9es photo)<\/a><\/p><p><a href=\"https:\/\/www.3oeilmontamise.fr\/wp-content\/uploads\/2023\/09\/2023-REUNION-MENSUELLE-DU-5-MAI.pdf\">R\u00e9union du 5 mai 2023<\/a><\/p>\t\t\t\t\t\t\t\t<\/div>\n\t\t\t\t<\/div>\n\t\t\t\t<div class=\"elementor-element elementor-element-9dd76e7 elementor-widget elementor-widget-text-editor\" data-id=\"9dd76e7\" data-element_type=\"widget\" data-e-type=\"widget\" data-widget_type=\"text-editor.default\">\n\t\t\t\t<div class=\"elementor-widget-container\">\n\t\t\t\t\t\t\t\t\t<p><a href=\"https:\/\/www.3oeilmontamise.fr\/wp-content\/uploads\/2024\/06\/2024-REUNION-MENSUELLE-DU-07-JUIN.pdf\">R\u00e9union mensuelle du 7 juin 2024<\/a><\/p><p><a href=\"https:\/\/www.3oeilmontamise.fr\/wp-content\/uploads\/2024\/06\/2024-REUNION-MENSUELLE-DU-03-MAI.pdf\">R\u00e9union mensuelle du 3 mai 2024<\/a><\/p><p><a href=\"https:\/\/www.3oeilmontamise.fr\/wp-content\/uploads\/2024\/05\/2024-REUNION-MENSUELLE-DU-29-MARS.pdf\">R\u00e9union mensuelle du 29 mars 2024<\/a><\/p><p><a href=\"https:\/\/www.3oeilmontamise.fr\/wp-content\/uploads\/2024\/05\/2024-REUNION-MENSUELLE-DU-01-MARS.pdf\">R\u00e9union mensuelle du 1er mars 2024<\/a><\/p><p><a href=\"https:\/\/www.3oeilmontamise.fr\/wp-content\/uploads\/2024\/01\/2023-REUNION-MENSUELLE-DU12-JANVIER.pdf\">R\u00e9union mensuelle du 12 janvier 2024<\/a><\/p><p><a href=\"https:\/\/www.3oeilmontamise.fr\/wp-content\/uploads\/2023\/12\/2023-REUNION-MENSUELLE-DU-1er-DECEMBRE.pdf\">R\u00e9union mensuelle du 1er d\u00e9cembre 2023<\/a><\/p><p><a href=\"https:\/\/www.3oeilmontamise.fr\/wp-content\/uploads\/2023\/11\/2023-REUNION-MENSUELLE-DU-10-NOVEMBRE.pdf\">R\u00e9union mensuelle du 10 novembre 2023<\/a><\/p><p><a href=\"https:\/\/www.3oeilmontamise.fr\/wp-content\/uploads\/2023\/10\/REUNION-MENSUELLE-DU-05-OCTOBRE.pdf\">R\u00e9union mensuelle du 5 octobre 2023<\/a><\/p><p><a href=\"https:\/\/www.3oeilmontamise.fr\/wp-content\/uploads\/2023\/10\/2023-Assemblee-Generale-du-25-SEPTEMBRE.pdf\">Assembl\u00e9e G\u00e9n\u00e9rale du 25 septembre 2023<\/a><\/p>\t\t\t\t\t\t\t\t<\/div>\n\t\t\t\t<\/div>\n\t\t\t\t\t<\/div>\n\t\t<\/div>\n\t\t\t\t\t<\/div>\n\t\t<\/section>\n\t\t\t\t<section class=\"elementor-section elementor-top-section elementor-element elementor-element-cc53aeb elementor-section-boxed elementor-section-height-default elementor-section-height-default\" data-id=\"cc53aeb\" data-element_type=\"section\" data-e-type=\"section\">\n\t\t\t\t\t\t<div class=\"elementor-container elementor-column-gap-default\">\n\t\t\t\t\t<div class=\"elementor-column elementor-col-100 elementor-top-column elementor-element elementor-element-5f67130\" data-id=\"5f67130\" data-element_type=\"column\" data-e-type=\"column\">\n\t\t\t<div class=\"elementor-widget-wrap elementor-element-populated\">\n\t\t\t\t\t\t<div class=\"elementor-element elementor-element-f3f3cf3 elementor-widget elementor-widget-heading\" data-id=\"f3f3cf3\" data-element_type=\"widget\" data-e-type=\"widget\" data-widget_type=\"heading.default\">\n\t\t\t\t<div class=\"elementor-widget-container\">\n\t\t\t\t\t<h2 class=\"elementor-heading-title elementor-size-default\">2021-2022<\/h2>\t\t\t\t<\/div>\n\t\t\t\t<\/div>\n\t\t\t\t\t<\/div>\n\t\t<\/div>\n\t\t\t\t\t<\/div>\n\t\t<\/section>\n\t\t\t\t<section class=\"elementor-section elementor-top-section elementor-element elementor-element-c5fbd21 elementor-section-boxed elementor-section-height-default elementor-section-height-default\" data-id=\"c5fbd21\" data-element_type=\"section\" data-e-type=\"section\">\n\t\t\t\t\t\t<div class=\"elementor-container elementor-column-gap-default\">\n\t\t\t\t\t<div class=\"elementor-column elementor-col-100 elementor-top-column elementor-element elementor-element-8e05e04\" data-id=\"8e05e04\" data-element_type=\"column\" data-e-type=\"column\">\n\t\t\t<div class=\"elementor-widget-wrap elementor-element-populated\">\n\t\t\t\t\t\t<div class=\"elementor-element elementor-element-da68408 elementor-widget elementor-widget-text-editor\" data-id=\"da68408\" data-element_type=\"widget\" data-e-type=\"widget\" data-widget_type=\"text-editor.default\">\n\t\t\t\t<div class=\"elementor-widget-container\">\n\t\t\t\t\t\t\t\t\t<ul><li><a href=\"https:\/\/www.3oeilmontamise.fr\/wp-content\/uploads\/2021\/10\/20210924_AG_2021.pdf\">AG septembre 2021<\/a><\/li><li><a href=\"http:\/\/Compte de r\u00e9sultat 2020-2021  https:\/\/www.3oeilmontamise.fr\/wp-content\/uploads\/2021\/10\/Compte-de-resultat-2020-2021.pdf\" data-wplink-url-error=\"true\">Compte de r\u00e9sultat 2020-2021<\/a><\/li><li><a href=\"https:\/\/www.3oeilmontamise.fr\/wp-content\/uploads\/2021\/10\/Liste-des-adherents-3eme-oeil-2021-2022-1.pdf\">Liste des adh\u00e9rents 2021-2022<\/a><\/li><li><a href=\"https:\/\/www.3oeilmontamise.fr\/wp-content\/uploads\/2021\/12\/REUNION-MENSUELLE-DU-2-12-2021.pdf\">CR D\u00e9cembre 2021<\/a><\/li><li><a href=\"https:\/\/www.3oeilmontamise.fr\/wp-content\/uploads\/2021\/11\/REUNION-MENSUELLE-DU-5-11-2021.pdf\">CR Novembre 2021<\/a><\/li><li><a href=\"https:\/\/www.3oeilmontamise.fr\/wp-content\/uploads\/2021\/10\/20211009_RM-octobre.pdf\">CR Octobre 202<\/a>1<\/li><\/ul>\t\t\t\t\t\t\t\t<\/div>\n\t\t\t\t<\/div>\n\t\t\t\t\t<\/div>\n\t\t<\/div>\n\t\t\t\t\t<\/div>\n\t\t<\/section>\n\t\t\t\t<section class=\"elementor-section elementor-top-section elementor-element elementor-element-550d2de elementor-section-boxed elementor-section-height-default elementor-section-height-default\" data-id=\"550d2de\" data-element_type=\"section\" data-e-type=\"section\">\n\t\t\t\t\t\t<div class=\"elementor-container elementor-column-gap-default\">\n\t\t\t\t\t<div class=\"elementor-column elementor-col-100 elementor-top-column elementor-element elementor-element-99939b0\" data-id=\"99939b0\" data-element_type=\"column\" data-e-type=\"column\">\n\t\t\t<div class=\"elementor-widget-wrap elementor-element-populated\">\n\t\t\t\t\t\t<div class=\"elementor-element elementor-element-3cf5392 elementor-widget elementor-widget-heading\" data-id=\"3cf5392\" data-element_type=\"widget\" data-e-type=\"widget\" data-widget_type=\"heading.default\">\n\t\t\t\t<div class=\"elementor-widget-container\">\n\t\t\t\t\t<h2 class=\"elementor-heading-title elementor-size-default\">2020-2021<\/h2>\t\t\t\t<\/div>\n\t\t\t\t<\/div>\n\t\t\t\t\t<\/div>\n\t\t<\/div>\n\t\t\t\t\t<\/div>\n\t\t<\/section>\n\t\t\t\t<section class=\"elementor-section elementor-top-section elementor-element elementor-element-a4e2e5f elementor-section-boxed elementor-section-height-default elementor-section-height-default\" data-id=\"a4e2e5f\" data-element_type=\"section\" data-e-type=\"section\">\n\t\t\t\t\t\t<div class=\"elementor-container elementor-column-gap-default\">\n\t\t\t\t\t<div class=\"elementor-column elementor-col-100 elementor-top-column elementor-element elementor-element-aef1e51\" data-id=\"aef1e51\" data-element_type=\"column\" data-e-type=\"column\">\n\t\t\t<div class=\"elementor-widget-wrap elementor-element-populated\">\n\t\t\t\t\t\t<div class=\"elementor-element elementor-element-7496dcc elementor-widget elementor-widget-text-editor\" data-id=\"7496dcc\" data-element_type=\"widget\" data-e-type=\"widget\" data-widget_type=\"text-editor.default\">\n\t\t\t\t<div class=\"elementor-widget-container\">\n\t\t\t\t\t\t\t\t\t<ul><li><a href=\"https:\/\/www.3oeilmontamise.fr\/wp-content\/uploads\/2020\/10\/20201016_AG_2020.pdf\">AG octobre 2020<\/a><\/li><li><a href=\"https:\/\/www.3oeilmontamise.fr\/wp-content\/uploads\/2019\/10\/2018-2019-Compte-de-r\u00e9sultat.pdf\">Compte de r\u00e9sultat 2019-2020<\/a><\/li><li><a href=\"https:\/\/www.3oeilmontamise.fr\/wp-content\/uploads\/2020\/10\/Liste-des-adherents-3eme-oeil-2020-2021.pdf\">Liste des adh\u00e9rents 2020-2021<\/a><\/li><\/ul><p>(pas de r\u00e9union mensuelle en 2020-2021)<\/p>\t\t\t\t\t\t\t\t<\/div>\n\t\t\t\t<\/div>\n\t\t\t\t\t<\/div>\n\t\t<\/div>\n\t\t\t\t\t<\/div>\n\t\t<\/section>\n\t\t\t\t<section class=\"elementor-section elementor-top-section elementor-element elementor-element-b5f5580 elementor-section-boxed elementor-section-height-default elementor-section-height-default\" data-id=\"b5f5580\" data-element_type=\"section\" data-e-type=\"section\">\n\t\t\t\t\t\t<div class=\"elementor-container elementor-column-gap-default\">\n\t\t\t\t\t<div class=\"elementor-column elementor-col-100 elementor-top-column elementor-element elementor-element-969c26c\" data-id=\"969c26c\" data-element_type=\"column\" data-e-type=\"column\">\n\t\t\t<div class=\"elementor-widget-wrap elementor-element-populated\">\n\t\t\t\t\t\t<div class=\"elementor-element elementor-element-e3a2188 elementor-widget elementor-widget-heading\" data-id=\"e3a2188\" data-element_type=\"widget\" data-e-type=\"widget\" data-widget_type=\"heading.default\">\n\t\t\t\t<div class=\"elementor-widget-container\">\n\t\t\t\t\t<h2 class=\"elementor-heading-title elementor-size-default\">2019-2020<\/h2>\t\t\t\t<\/div>\n\t\t\t\t<\/div>\n\t\t\t\t\t<\/div>\n\t\t<\/div>\n\t\t\t\t\t<\/div>\n\t\t<\/section>\n\t\t\t\t<section class=\"elementor-section elementor-top-section elementor-element elementor-element-6eaea4e elementor-section-boxed elementor-section-height-default elementor-section-height-default\" data-id=\"6eaea4e\" data-element_type=\"section\" data-e-type=\"section\">\n\t\t\t\t\t\t<div class=\"elementor-container elementor-column-gap-default\">\n\t\t\t\t\t<div class=\"elementor-column elementor-col-100 elementor-top-column elementor-element elementor-element-d4680d9\" data-id=\"d4680d9\" data-element_type=\"column\" data-e-type=\"column\">\n\t\t\t<div class=\"elementor-widget-wrap elementor-element-populated\">\n\t\t\t\t\t\t<div class=\"elementor-element elementor-element-d9e19cc elementor-widget elementor-widget-text-editor\" data-id=\"d9e19cc\" data-element_type=\"widget\" data-e-type=\"widget\" data-widget_type=\"text-editor.default\">\n\t\t\t\t<div class=\"elementor-widget-container\">\n\t\t\t\t\t\t\t\t\t<ul><li><a href=\"https:\/\/www.3oeilmontamise.fr\/wp-content\/uploads\/2019\/10\/20190913_AG_2019.pdf\">\u00a0AG octobre 2019<\/a><\/li><li><a href=\"https:\/\/www.3oeilmontamise.fr\/wp-content\/uploads\/2019\/10\/2018-2019-Compte-de-r\u00e9sultat.pdf\">Compte de r\u00e9sultat 2018-2019<\/a><\/li><li><a href=\"https:\/\/www.3oeilmontamise.fr\/wp-content\/uploads\/2019\/10\/Liste-des-adh\u00e9rents-3\u00e8me-oeil-2019-2020.pdf\">Liste des adh\u00e9rents 2019-2020<\/a><\/li><li><a href=\"http:\/\/www.3oeilmontamise.com\/wp-content\/uploads\/2019\/10\/20191004_RM_octobre.pdf\">CR Octobre 2019<\/a><\/li><li><a href=\"http:\/\/www.3oeilmontamise.com\/wp-content\/uploads\/2019\/11\/Novembre.pdf\">CR Novembre 2019<\/a><\/li><li><a href=\"http:\/\/www.3oeilmontamise.com\/wp-content\/uploads\/2019\/12\/D\u00e9cembre.pdf\">CR D\u00e9cembre 2019<\/a><\/li><li><a href=\"http:\/\/www.3oeilmontamise.com\/wp-content\/uploads\/2020\/01\/Janvier-2020.pdf\">CR Janvier 2020<\/a><\/li><li><a href=\"http:\/\/www.3oeilmontamise.com\/wp-content\/uploads\/2020\/02\/F\u00e9vrier-2020.pdf\">CR F\u00e9vrier 2020<\/a><\/li><li><a href=\"http:\/\/www.3oeilmontamise.com\/wp-content\/uploads\/2020\/03\/Mars-2020.pdf\">CR Mars 2020<\/a><\/li><li><a href=\"https:\/\/www.3oeilmontamise.fr\/wp-content\/uploads\/2020\/09\/20200908_RB_septembre.pdf\">CR r\u00e9union de bureau du 11 septembre<\/a> 2020<\/li><\/ul>\t\t\t\t\t\t\t\t<\/div>\n\t\t\t\t<\/div>\n\t\t\t\t\t<\/div>\n\t\t<\/div>\n\t\t\t\t\t<\/div>\n\t\t<\/section>\n\t\t\t\t<section class=\"elementor-section elementor-top-section elementor-element elementor-element-bf59421 elementor-section-boxed elementor-section-height-default elementor-section-height-default\" data-id=\"bf59421\" data-element_type=\"section\" data-e-type=\"section\">\n\t\t\t\t\t\t<div class=\"elementor-container elementor-column-gap-default\">\n\t\t\t\t\t<div class=\"elementor-column elementor-col-100 elementor-top-column elementor-element elementor-element-d5e7540\" data-id=\"d5e7540\" data-element_type=\"column\" data-e-type=\"column\">\n\t\t\t<div class=\"elementor-widget-wrap elementor-element-populated\">\n\t\t\t\t\t\t<div class=\"elementor-element elementor-element-3e2b005 elementor-widget elementor-widget-text-editor\" data-id=\"3e2b005\" data-element_type=\"widget\" data-e-type=\"widget\" data-widget_type=\"text-editor.default\">\n\t\t\t\t<div class=\"elementor-widget-container\">\n\t\t\t\t\t\t\t\t\t<p><a href=\"https:\/\/www.3oeilmontamise.fr\/wp-content\/uploads\/2024\/06\/2024-REUNION-MENSUELLE-DU-07-JUIN.pdf\">R\u00e9union mensuelle du 7 juin 2024<\/a><\/p><p><a href=\"https:\/\/www.3oeilmontamise.fr\/wp-content\/uploads\/2024\/06\/2024-REUNION-MENSUELLE-DU-03-MAI.pdf\">R\u00e9union mensuelle du 3 mai 2024<\/a><\/p><p><a href=\"https:\/\/www.3oeilmontamise.fr\/wp-content\/uploads\/2024\/05\/2024-REUNION-MENSUELLE-DU-29-MARS.pdf\">R\u00e9union mensuelle du 29 mars 2024<\/a><\/p><p><a href=\"https:\/\/www.3oeilmontamise.fr\/wp-content\/uploads\/2024\/05\/2024-REUNION-MENSUELLE-DU-01-MARS.pdf\">R\u00e9union mensuelle du 1er mars 2024<\/a><\/p><p><a href=\"https:\/\/www.3oeilmontamise.fr\/wp-content\/uploads\/2024\/01\/2023-REUNION-MENSUELLE-DU12-JANVIER.pdf\">R\u00e9union mensuelle du 12 janvier 2024<\/a><\/p><p><a href=\"https:\/\/www.3oeilmontamise.fr\/wp-content\/uploads\/2023\/12\/2023-REUNION-MENSUELLE-DU-1er-DECEMBRE.pdf\">R\u00e9union mensuelle du 1er d\u00e9cembre 2023<\/a><\/p><p><a href=\"https:\/\/www.3oeilmontamise.fr\/wp-content\/uploads\/2023\/11\/2023-REUNION-MENSUELLE-DU-10-NOVEMBRE.pdf\">R\u00e9union mensuelle du 10 novembre 2023<\/a><\/p><p><a href=\"https:\/\/www.3oeilmontamise.fr\/wp-content\/uploads\/2023\/10\/REUNION-MENSUELLE-DU-05-OCTOBRE.pdf\">R\u00e9union mensuelle du 5 octobre 2023<\/a><\/p><p><a href=\"https:\/\/www.3oeilmontamise.fr\/wp-content\/uploads\/2023\/10\/2023-Assemblee-Generale-du-25-SEPTEMBRE.pdf\">Assembl\u00e9e G\u00e9n\u00e9rale du 25 septembre 2023<\/a><\/p>\t\t\t\t\t\t\t\t<\/div>\n\t\t\t\t<\/div>\n\t\t\t\t\t<\/div>\n\t\t<\/div>\n\t\t\t\t\t<\/div>\n\t\t<\/section>\n\t\t\t\t<\/div>\n\t\t","protected":false},"excerpt":{"rendered":"<p>2024-2025 R\u00e9union mensuelle du 6 juin 2025 R\u00e9union mensuelle du 13 mai 2025 R\u00e9union mensuelle du 7 mars 2025 R\u00e9union mensuelle du 7 f\u00e9vrier 2025 R\u00e9union mensuelle du 10 janvier 2025 R\u00e9union mensuelle du 6 d\u00e9cembre 2024 R\u00e9union mensuelle du 8 novembre 2024 R\u00e9union mensuelle du 4 octobre 2024 R\u00e9union mensuelle du 20 septembre 2024 [&hellip;]<\/p>\n","protected":false},"author":1,"featured_media":0,"parent":0,"menu_order":0,"comment_status":"closed","ping_status":"closed","template":"","meta":{"ngg_post_thumbnail":0,"footnotes":""},"class_list":["post-3043","page","type-page","status-publish","hentry"],"_links":{"self":[{"href":"https:\/\/www.3oeilmontamise.fr\/index.php\/wp-json\/wp\/v2\/pages\/3043","targetHints":{"allow":["GET"]}}],"collection":[{"href":"https:\/\/www.3oeilmontamise.fr\/index.php\/wp-json\/wp\/v2\/pages"}],"about":[{"href":"https:\/\/www.3oeilmontamise.fr\/index.php\/wp-json\/wp\/v2\/types\/page"}],"author":[{"embeddable":true,"href":"https:\/\/www.3oeilmontamise.fr\/index.php\/wp-json\/wp\/v2\/users\/1"}],"replies":[{"embeddable":true,"href":"https:\/\/www.3oeilmontamise.fr\/index.php\/wp-json\/wp\/v2\/comments?post=3043"}],"version-history":[{"count":18,"href":"https:\/\/www.3oeilmontamise.fr\/index.php\/wp-json\/wp\/v2\/pages\/3043\/revisions"}],"predecessor-version":[{"id":10128,"href":"https:\/\/www.3oeilmontamise.fr\/index.php\/wp-json\/wp\/v2\/pages\/3043\/revisions\/10128"}],"wp:attachment":[{"href":"https:\/\/www.3oeilmontamise.fr\/index.php\/wp-json\/wp\/v2\/media?parent=3043"}],"curies":[{"name":"wp","href":"https:\/\/api.w.org\/{rel}","templated":true}]}}