{"id":201,"date":"2019-02-10T18:22:00","date_gmt":"2019-02-10T17:22:00","guid":{"rendered":"http:\/\/www.3oeilmontamise.com\/?page_id=201"},"modified":"2026-03-08T09:37:31","modified_gmt":"2026-03-08T08:37:31","slug":"les-journees-photographiques","status":"publish","type":"page","link":"https:\/\/www.3oeilmontamise.fr\/index.php\/les-journees-photographiques\/","title":{"rendered":"Les Journ\u00e9es photographiques"},"content":{"rendered":"\t\t<div data-elementor-type=\"wp-post\" data-elementor-id=\"201\" class=\"elementor elementor-201\">\n\t\t\t\t\t\t<section class=\"elementor-section elementor-top-section elementor-element elementor-element-009db3a elementor-section-boxed elementor-section-height-default elementor-section-height-default\" data-id=\"009db3a\" data-element_type=\"section\" data-e-type=\"section\">\n\t\t\t\t\t\t<div class=\"elementor-container elementor-column-gap-default\">\n\t\t\t\t\t<div class=\"elementor-column elementor-col-100 elementor-top-column elementor-element elementor-element-9fa968c\" data-id=\"9fa968c\" data-element_type=\"column\" data-e-type=\"column\">\n\t\t\t<div class=\"elementor-widget-wrap elementor-element-populated\">\n\t\t\t\t\t\t<div class=\"elementor-element elementor-element-84e042e elementor-widget elementor-widget-spacer\" data-id=\"84e042e\" data-element_type=\"widget\" data-e-type=\"widget\" data-widget_type=\"spacer.default\">\n\t\t\t\t<div class=\"elementor-widget-container\">\n\t\t\t\t\t\t\t<div class=\"elementor-spacer\">\n\t\t\t<div class=\"elementor-spacer-inner\"><\/div>\n\t\t<\/div>\n\t\t\t\t\t\t<\/div>\n\t\t\t\t<\/div>\n\t\t\t\t\t<\/div>\n\t\t<\/div>\n\t\t\t\t\t<\/div>\n\t\t<\/section>\n\t\t\t\t<section class=\"elementor-section elementor-top-section elementor-element elementor-element-09ed310 elementor-section-boxed elementor-section-height-default elementor-section-height-default\" data-id=\"09ed310\" data-element_type=\"section\" data-e-type=\"section\">\n\t\t\t\t\t\t<div class=\"elementor-container elementor-column-gap-default\">\n\t\t\t\t\t<div class=\"elementor-column elementor-col-100 elementor-top-column elementor-element elementor-element-c97a405\" data-id=\"c97a405\" data-element_type=\"column\" data-e-type=\"column\">\n\t\t\t<div class=\"elementor-widget-wrap elementor-element-populated\">\n\t\t\t\t\t\t<div class=\"elementor-element elementor-element-4144ec5 elementor-widget elementor-widget-heading\" data-id=\"4144ec5\" data-element_type=\"widget\" data-e-type=\"widget\" data-widget_type=\"heading.default\">\n\t\t\t\t<div class=\"elementor-widget-container\">\n\t\t\t\t\t<h2 class=\"elementor-heading-title elementor-size-default\">Les journ\u00e9es photographiques 2026<\/h2>\t\t\t\t<\/div>\n\t\t\t\t<\/div>\n\t\t\t\t\t<\/div>\n\t\t<\/div>\n\t\t\t\t\t<\/div>\n\t\t<\/section>\n\t\t\t\t<section class=\"elementor-section elementor-top-section elementor-element elementor-element-a02e36d elementor-section-boxed elementor-section-height-default elementor-section-height-default\" data-id=\"a02e36d\" data-element_type=\"section\" data-e-type=\"section\">\n\t\t\t\t\t\t<div class=\"elementor-container elementor-column-gap-default\">\n\t\t\t\t\t<div class=\"elementor-column elementor-col-100 elementor-top-column elementor-element elementor-element-7b9b734\" data-id=\"7b9b734\" data-element_type=\"column\" data-e-type=\"column\">\n\t\t\t<div class=\"elementor-widget-wrap elementor-element-populated\">\n\t\t\t\t\t\t<div class=\"elementor-element elementor-element-5a2052b elementor-widget elementor-widget-text-editor\" data-id=\"5a2052b\" data-element_type=\"widget\" data-e-type=\"widget\" data-widget_type=\"text-editor.default\">\n\t\t\t\t<div class=\"elementor-widget-container\">\n\t\t\t\t\t\t\t\t\t<h6 style=\"text-align: left;\">Attendues chaque ann\u00e9e par de nombreux amateurs et passionn\u00e9s de photo de toute la R\u00e9gion, LES \u00ab 38\u00b0 JOURNEES PHOTOGRAPHIQUES \u00bb organis\u00e9es par le Club Photo \u00ab Le 3\u00b0 \u0152il \u00bb se d\u00e9rouleront :<\/h6><h6 style=\"text-align: center;\">les Samedi 11 et dimanche 12 avril 2026\u00a0<\/h6><h6>\u00e0 la Salle desF\u00eates de Montamis\u00e9 (rue du C\u00e8dre).<\/h6><h6>P<b>ROGRAMME<\/b><\/h6><h6 style=\"text-align: center;\">\u00a0autour de l\u2019invit\u00e9e :<br \/>Karina DELBOS : \u00ab Evanescence : un songe \u00e9veill\u00e9 \u00bb<\/h6><h6>\u00a0Samedi 11 avril de 9 heures \u00e0 midi et de 14 heures \u00e0 18 heures :\u00a0<\/h6><h6>expositions photographiques : pr\u00e8s de 150 photos, oeuvres pr\u00e9sent\u00e9es par Karina Delbos et les membres du club photo \u00ab Le 3\u00b0 \u0152il \u00bb<br \/>A 15 heures : conf\u00e9rence-d\u00e9bat en pr\u00e9sence de Karina Delbos et de Pascal Miele<\/h6><h6>Dimanche 12 avril \u00e0 partir de 9 heures et sans interruption :<\/h6><h6 style=\"text-align: center;\">FOIRE NATIONALE AU MATERIEL PHOTOGRAPHIQUE<\/h6><h6>pour achat, vente ou \u00e9change de tout mat\u00e9riel d\u2019occasion et de collection (photo, cin\u00e9, video&#8230;)<br \/>Expositions photographiques (comme samedi)<\/h6><h6>Entr\u00e9e GRATUITE durant ces deux jours<\/h6>\t\t\t\t\t\t\t\t<\/div>\n\t\t\t\t<\/div>\n\t\t\t\t\t<\/div>\n\t\t<\/div>\n\t\t\t\t\t<\/div>\n\t\t<\/section>\n\t\t\t\t<section class=\"elementor-section elementor-top-section elementor-element elementor-element-4cc1aa4 elementor-section-boxed elementor-section-height-default elementor-section-height-default\" data-id=\"4cc1aa4\" data-element_type=\"section\" data-e-type=\"section\">\n\t\t\t\t\t\t<div class=\"elementor-container elementor-column-gap-default\">\n\t\t\t\t\t<div class=\"elementor-column elementor-col-100 elementor-top-column elementor-element elementor-element-7a8f291\" data-id=\"7a8f291\" data-element_type=\"column\" data-e-type=\"column\">\n\t\t\t<div class=\"elementor-widget-wrap elementor-element-populated\">\n\t\t\t\t\t\t<div class=\"elementor-element elementor-element-e79b9a6 elementor-widget elementor-widget-image\" data-id=\"e79b9a6\" data-element_type=\"widget\" data-e-type=\"widget\" data-widget_type=\"image.default\">\n\t\t\t\t<div class=\"elementor-widget-container\">\n\t\t\t\t\t\t\t\t\t\t\t\t\t\t\t<img fetchpriority=\"high\" decoding=\"async\" width=\"1024\" height=\"682\" src=\"https:\/\/www.3oeilmontamise.fr\/wp-content\/uploads\/2026\/03\/Karina-Delbos-invitee-1-1024x682.jpg\" class=\"attachment-large size-large wp-image-10579\" alt=\"\" srcset=\"https:\/\/www.3oeilmontamise.fr\/wp-content\/uploads\/2026\/03\/Karina-Delbos-invitee-1-1024x682.jpg 1024w, https:\/\/www.3oeilmontamise.fr\/wp-content\/uploads\/2026\/03\/Karina-Delbos-invitee-1-300x200.jpg 300w, https:\/\/www.3oeilmontamise.fr\/wp-content\/uploads\/2026\/03\/Karina-Delbos-invitee-1-768x512.jpg 768w, https:\/\/www.3oeilmontamise.fr\/wp-content\/uploads\/2026\/03\/Karina-Delbos-invitee-1-1536x1024.jpg 1536w, https:\/\/www.3oeilmontamise.fr\/wp-content\/uploads\/2026\/03\/Karina-Delbos-invitee-1.jpg 2000w\" sizes=\"(max-width: 1024px) 100vw, 1024px\" \/>\t\t\t\t\t\t\t\t\t\t\t\t\t\t\t<\/div>\n\t\t\t\t<\/div>\n\t\t\t\t\t<\/div>\n\t\t<\/div>\n\t\t\t\t\t<\/div>\n\t\t<\/section>\n\t\t\t\t<section class=\"elementor-section elementor-top-section elementor-element elementor-element-c72f230 elementor-section-boxed elementor-section-height-default elementor-section-height-default\" data-id=\"c72f230\" data-element_type=\"section\" data-e-type=\"section\">\n\t\t\t\t\t\t<div class=\"elementor-container elementor-column-gap-default\">\n\t\t\t\t\t<div class=\"elementor-column elementor-col-100 elementor-top-column elementor-element elementor-element-10ee154\" data-id=\"10ee154\" data-element_type=\"column\" data-e-type=\"column\">\n\t\t\t<div class=\"elementor-widget-wrap elementor-element-populated\">\n\t\t\t\t\t\t<div class=\"elementor-element elementor-element-69db724 elementor-widget elementor-widget-heading\" data-id=\"69db724\" data-element_type=\"widget\" data-e-type=\"widget\" data-widget_type=\"heading.default\">\n\t\t\t\t<div class=\"elementor-widget-container\">\n\t\t\t\t\t<h2 class=\"elementor-heading-title elementor-size-default\">Les journ\u00e9es photographiques 2025<\/h2>\t\t\t\t<\/div>\n\t\t\t\t<\/div>\n\t\t\t\t\t<\/div>\n\t\t<\/div>\n\t\t\t\t\t<\/div>\n\t\t<\/section>\n\t\t\t\t<section class=\"elementor-section elementor-top-section elementor-element elementor-element-e67981d elementor-section-boxed elementor-section-height-default elementor-section-height-default\" data-id=\"e67981d\" data-element_type=\"section\" data-e-type=\"section\">\n\t\t\t\t\t\t<div class=\"elementor-container elementor-column-gap-default\">\n\t\t\t\t\t<div class=\"elementor-column elementor-col-100 elementor-top-column elementor-element elementor-element-aacd78b\" data-id=\"aacd78b\" data-element_type=\"column\" data-e-type=\"column\">\n\t\t\t<div class=\"elementor-widget-wrap elementor-element-populated\">\n\t\t\t\t\t\t<div class=\"elementor-element elementor-element-496bf9b elementor-widget elementor-widget-text-editor\" data-id=\"496bf9b\" data-element_type=\"widget\" data-e-type=\"widget\" data-widget_type=\"text-editor.default\">\n\t\t\t\t<div class=\"elementor-widget-container\">\n\t\t\t\t\t\t\t\t\t<h6>En 2025,les journ\u00e9es photographiques ont eu lieu les:<strong> 4,5 et 6 avril 2025<\/strong>.<\/h6><h6>Notre invit\u00e9 d&#8217;honneur \u00e9tait <span style=\"color: #0000ff;\"><a style=\"color: #0000ff;\" href=\"https:\/\/www.google.com\/url?sa=t&amp;source=web&amp;rct=j&amp;opi=89978449&amp;url=https:\/\/fungi-friend-photos.fr\/&amp;ved=2ahUKEwjQ5YemnJOLAxUdUqQEHQNOFCMQFnoECB8QAQ&amp;usg=AOvVaw22O0nIw4xSBiOhLVuTDXIe\"><strong>Vincent Lagard\u00e8re<\/strong><\/a><\/span>, sp\u00e9cialiste de la photographie de champignons<\/h6>\t\t\t\t\t\t\t\t<\/div>\n\t\t\t\t<\/div>\n\t\t\t\t\t<\/div>\n\t\t<\/div>\n\t\t\t\t\t<\/div>\n\t\t<\/section>\n\t\t\t\t<section class=\"elementor-section elementor-top-section elementor-element elementor-element-09b41b1 elementor-section-boxed elementor-section-height-default elementor-section-height-default\" data-id=\"09b41b1\" data-element_type=\"section\" data-e-type=\"section\">\n\t\t\t\t\t\t<div class=\"elementor-container elementor-column-gap-default\">\n\t\t\t\t\t<div class=\"elementor-column elementor-col-100 elementor-top-column elementor-element elementor-element-af39b6f\" data-id=\"af39b6f\" data-element_type=\"column\" data-e-type=\"column\">\n\t\t\t<div class=\"elementor-widget-wrap elementor-element-populated\">\n\t\t\t\t\t\t\t<\/div>\n\t\t<\/div>\n\t\t\t\t\t<\/div>\n\t\t<\/section>\n\t\t\t\t<section class=\"elementor-section elementor-top-section elementor-element elementor-element-a6590e0 elementor-section-boxed elementor-section-height-default elementor-section-height-default\" data-id=\"a6590e0\" data-element_type=\"section\" data-e-type=\"section\">\n\t\t\t\t\t\t<div class=\"elementor-container elementor-column-gap-default\">\n\t\t\t\t\t<div class=\"elementor-column elementor-col-100 elementor-top-column elementor-element elementor-element-4a8383c\" data-id=\"4a8383c\" data-element_type=\"column\" data-e-type=\"column\">\n\t\t\t<div class=\"elementor-widget-wrap elementor-element-populated\">\n\t\t\t\t\t\t<div class=\"elementor-element elementor-element-4543589 elementor-widget elementor-widget-heading\" data-id=\"4543589\" data-element_type=\"widget\" data-e-type=\"widget\" data-widget_type=\"heading.default\">\n\t\t\t\t<div class=\"elementor-widget-container\">\n\t\t\t\t\t<h2 class=\"elementor-heading-title elementor-size-default\">La foire au mat\u00e9riel d'occasion 2025<\/h2>\t\t\t\t<\/div>\n\t\t\t\t<\/div>\n\t\t\t\t<div class=\"elementor-element elementor-element-205fddb elementor-arrows-position-inside elementor-pagination-position-outside elementor-widget elementor-widget-image-carousel\" data-id=\"205fddb\" data-element_type=\"widget\" data-e-type=\"widget\" data-settings=\"{&quot;navigation&quot;:&quot;both&quot;,&quot;autoplay&quot;:&quot;yes&quot;,&quot;pause_on_hover&quot;:&quot;yes&quot;,&quot;pause_on_interaction&quot;:&quot;yes&quot;,&quot;autoplay_speed&quot;:5000,&quot;infinite&quot;:&quot;yes&quot;,&quot;speed&quot;:500}\" data-widget_type=\"image-carousel.default\">\n\t\t\t\t<div class=\"elementor-widget-container\">\n\t\t\t\t\t\t\t<div class=\"elementor-image-carousel-wrapper swiper\" role=\"region\" aria-roledescription=\"carousel\" aria-label=\"Carrousel d\u2019images\" dir=\"ltr\">\n\t\t\t<div class=\"elementor-image-carousel swiper-wrapper\" aria-live=\"off\">\n\t\t\t\t\t\t\t\t<div class=\"swiper-slide\" role=\"group\" aria-roledescription=\"slide\" aria-label=\"1 of 4\"><figure class=\"swiper-slide-inner\"><img decoding=\"async\" class=\"swiper-slide-image\" src=\"https:\/\/www.3oeilmontamise.fr\/wp-content\/uploads\/2026\/03\/A89_2263-r-1024x682.jpg\" alt=\"A89_2263-r\" \/><\/figure><\/div><div class=\"swiper-slide\" role=\"group\" aria-roledescription=\"slide\" aria-label=\"2 of 4\"><figure class=\"swiper-slide-inner\"><img decoding=\"async\" class=\"swiper-slide-image\" src=\"https:\/\/www.3oeilmontamise.fr\/wp-content\/uploads\/2026\/03\/A89_2243-r-1-1024x682.jpg\" alt=\"A89_2243-r\" \/><\/figure><\/div><div class=\"swiper-slide\" role=\"group\" aria-roledescription=\"slide\" aria-label=\"3 of 4\"><figure class=\"swiper-slide-inner\"><img decoding=\"async\" class=\"swiper-slide-image\" src=\"https:\/\/www.3oeilmontamise.fr\/wp-content\/uploads\/2026\/03\/A89_2175-r-1024x682.jpg\" alt=\"A89_2175-r\" \/><\/figure><\/div><div class=\"swiper-slide\" role=\"group\" aria-roledescription=\"slide\" aria-label=\"4 of 4\"><figure class=\"swiper-slide-inner\"><img decoding=\"async\" class=\"swiper-slide-image\" src=\"https:\/\/www.3oeilmontamise.fr\/wp-content\/uploads\/2026\/03\/A89_2173-r-1024x682.jpg\" alt=\"A89_2173-r\" \/><\/figure><\/div>\t\t\t<\/div>\n\t\t\t\t\t\t\t\t\t\t\t\t<div class=\"elementor-swiper-button elementor-swiper-button-prev\" role=\"button\" tabindex=\"0\">\n\t\t\t\t\t\t<i aria-hidden=\"true\" class=\"eicon-chevron-left\"><\/i>\t\t\t\t\t<\/div>\n\t\t\t\t\t<div class=\"elementor-swiper-button elementor-swiper-button-next\" role=\"button\" tabindex=\"0\">\n\t\t\t\t\t\t<i aria-hidden=\"true\" class=\"eicon-chevron-right\"><\/i>\t\t\t\t\t<\/div>\n\t\t\t\t\n\t\t\t\t\t\t\t\t\t<div class=\"swiper-pagination\"><\/div>\n\t\t\t\t\t\t\t\t\t<\/div>\n\t\t\t\t\t\t<\/div>\n\t\t\t\t<\/div>\n\t\t\t\t\t<\/div>\n\t\t<\/div>\n\t\t\t\t\t<\/div>\n\t\t<\/section>\n\t\t\t\t<\/div>\n\t\t","protected":false},"excerpt":{"rendered":"<p>Les journ\u00e9es photographiques 2026 Attendues chaque ann\u00e9e par de nombreux amateurs et passionn\u00e9s de photo de toute la R\u00e9gion, LES \u00ab 38\u00b0 JOURNEES PHOTOGRAPHIQUES \u00bb organis\u00e9es par le Club Photo \u00ab Le 3\u00b0 \u0152il \u00bb se d\u00e9rouleront : les Samedi 11 et dimanche 12 avril 2026\u00a0 \u00e0 la Salle desF\u00eates de Montamis\u00e9 (rue du C\u00e8dre). [&hellip;]<\/p>\n","protected":false},"author":1,"featured_media":0,"parent":0,"menu_order":0,"comment_status":"closed","ping_status":"closed","template":"elementor_header_footer","meta":{"ngg_post_thumbnail":0,"footnotes":""},"class_list":["post-201","page","type-page","status-publish","hentry"],"_links":{"self":[{"href":"https:\/\/www.3oeilmontamise.fr\/index.php\/wp-json\/wp\/v2\/pages\/201","targetHints":{"allow":["GET"]}}],"collection":[{"href":"https:\/\/www.3oeilmontamise.fr\/index.php\/wp-json\/wp\/v2\/pages"}],"about":[{"href":"https:\/\/www.3oeilmontamise.fr\/index.php\/wp-json\/wp\/v2\/types\/page"}],"author":[{"embeddable":true,"href":"https:\/\/www.3oeilmontamise.fr\/index.php\/wp-json\/wp\/v2\/users\/1"}],"replies":[{"embeddable":true,"href":"https:\/\/www.3oeilmontamise.fr\/index.php\/wp-json\/wp\/v2\/comments?post=201"}],"version-history":[{"count":48,"href":"https:\/\/www.3oeilmontamise.fr\/index.php\/wp-json\/wp\/v2\/pages\/201\/revisions"}],"predecessor-version":[{"id":10593,"href":"https:\/\/www.3oeilmontamise.fr\/index.php\/wp-json\/wp\/v2\/pages\/201\/revisions\/10593"}],"wp:attachment":[{"href":"https:\/\/www.3oeilmontamise.fr\/index.php\/wp-json\/wp\/v2\/media?parent=201"}],"curies":[{"name":"wp","href":"https:\/\/api.w.org\/{rel}","templated":true}]}}